{"id":15906,"date":"2026-03-27T15:09:43","date_gmt":"2026-03-27T15:09:43","guid":{"rendered":"https:\/\/gama-industries.si\/?page_id=15906"},"modified":"2026-03-27T15:09:56","modified_gmt":"2026-03-27T15:09:56","slug":"varstvo-osebnih-podatkov","status":"publish","type":"page","link":"https:\/\/gama-industries.si\/eng\/varstvo-osebnih-podatkov\/","title":{"rendered":"Varstvo osebnih podatkov"},"content":{"rendered":"<div data-elementor-type=\"wp-page\" data-elementor-id=\"15906\" class=\"elementor elementor-15906\">\n\t\t\t\t\t\t\t\t\t<section class=\"wd-negative-gap elementor-section elementor-top-section elementor-element elementor-element-bd0bc7c elementor-section-boxed elementor-section-height-default elementor-section-height-default wd-section-disabled\" data-id=\"bd0bc7c\" data-element_type=\"section\">\n\t\t\t\t\t\t<div class=\"elementor-container elementor-column-gap-default\">\n\t\t\t\t\t<div class=\"elementor-column elementor-col-100 elementor-top-column elementor-element elementor-element-76bf8e8\" data-id=\"76bf8e8\" data-element_type=\"column\">\n\t\t\t<div class=\"elementor-widget-wrap elementor-element-populated\">\n\t\t\t\t\t\t\t\t<div class=\"elementor-element elementor-element-13e9553 color-scheme-inherit text-left elementor-widget elementor-widget-text-editor\" data-id=\"13e9553\" data-element_type=\"widget\" data-widget_type=\"text-editor.default\">\n\t\t\t\t<div class=\"elementor-widget-container\">\n\t\t\t\t\t\t\t<p data-start=\"30\" data-end=\"344\">Varstvo osebnih podatkov je za podjetje Gama Industries klju\u010dnega pomena. Zavezani smo k odgovornemu, zakonitemu in preglednemu ravnanju z vsemi osebnimi podatki, ki jih obdelujemo, v skladu z veljavno zakonodajo Evropske unije, zlasti Splo\u0161no uredbo o varstvu podatkov (GDPR) ter relevantno nacionalno zakonodajo.<\/p><p data-start=\"346\" data-end=\"382\"><strong data-start=\"346\" data-end=\"382\">Na\u010dela obdelave osebnih podatkov<\/strong><\/p><p data-start=\"384\" data-end=\"458\">Pri obdelavi osebnih podatkov spo\u0161tujemo temeljna na\u010dela varstva podatkov.<\/p><p data-start=\"460\" data-end=\"529\">Osebni podatki se obdelujejo zakonito, po\u0161teno in na pregleden na\u010din.<\/p><p data-start=\"531\" data-end=\"653\">Zbirajo se izklju\u010dno za dolo\u010dene, izrecne in zakonite namene ter se ne obdelujejo na na\u010din, ki ni zdru\u017eljiv s temi nameni.<\/p><p data-start=\"655\" data-end=\"751\">Obdelujemo le tiste podatke, ki so ustrezni, relevantni in omejeni na to, kar je nujno potrebno.<\/p><p data-start=\"753\" data-end=\"814\">Zagotavljamo, da so podatki to\u010dni in po potrebi posodobljeni.<\/p><p data-start=\"816\" data-end=\"894\">Podatke hranimo le toliko \u010dasa, kolikor je potrebno za dosego namena obdelave.<\/p><p data-start=\"896\" data-end=\"990\">Zagotavljamo ustrezno varnost osebnih podatkov z uporabo tehni\u010dnih in organizacijskih ukrepov.<\/p><p data-start=\"992\" data-end=\"1022\"><strong data-start=\"992\" data-end=\"1022\">Vrste obdelovanih podatkov<\/strong><\/p><p data-start=\"1024\" data-end=\"1141\">Obdelujemo osebne podatke, ki jih prejmemo neposredno od posameznikov ali jih zberemo ob uporabi na\u0161e spletne strani.<\/p><p data-start=\"1143\" data-end=\"1317\">Ti lahko vklju\u010dujejo ime in priimek, kontaktne podatke, podatke o podjetju, komunikacijske podatke ter tehni\u010dne podatke, kot so IP naslov in podatki o uporabi spletne strani.<\/p><p data-start=\"1319\" data-end=\"1337\"><strong data-start=\"1319\" data-end=\"1337\">Namen obdelave<\/strong><\/p><p data-start=\"1339\" data-end=\"1544\">Osebne podatke obdelujemo za izvajanje na\u0161ih storitev, komunikacijo s strankami, pripravo ponudb, izpolnjevanje pogodbenih in zakonskih obveznosti ter za zagotavljanje varnosti in delovanja spletne strani.<\/p><p data-start=\"1546\" data-end=\"1609\">Podatkov ne uporabljamo za nezakonite ali nepoobla\u0161\u010dene namene.<\/p><p data-start=\"1611\" data-end=\"1648\"><strong data-start=\"1611\" data-end=\"1648\">Tehni\u010dni in organizacijski ukrepi<\/strong><\/p><p data-start=\"1650\" data-end=\"1764\">Za za\u0161\u010dito osebnih podatkov izvajamo ustrezne varnostne ukrepe, ki vklju\u010dujejo tehni\u010dne in organizacijske re\u0161itve.<\/p><p data-start=\"1766\" data-end=\"1896\">Uporabljamo varne informacijske sisteme, za\u0161\u010dito dostopa do podatkov, redno posodabljanje programske opreme in nadzor nad dostopi.<\/p><p data-start=\"1898\" data-end=\"1990\">Dostop do osebnih podatkov imajo le poobla\u0161\u010dene osebe, ki so zavezane k varovanju zaupnosti.<\/p><p data-start=\"1992\" data-end=\"2080\">Redno izvajamo ocene tveganj in prilagajamo varnostne ukrepe glede na morebitne gro\u017enje.<\/p><p data-start=\"2082\" data-end=\"2113\"><strong data-start=\"2082\" data-end=\"2113\">Obdelovalci in tretje osebe<\/strong><\/p><p data-start=\"2115\" data-end=\"2273\">V dolo\u010denih primerih lahko osebne podatke obdelujejo tudi zunanji pogodbeni partnerji, ki za nas izvajajo dolo\u010dene storitve, kot so IT podpora ali gostovanje.<\/p><p data-start=\"2275\" data-end=\"2380\">Ti partnerji so skrbno izbrani in pogodbeno zavezani k spo\u0161tovanju zahtev glede varstva osebnih podatkov.<\/p><p data-start=\"2382\" data-end=\"2445\">Osebni podatki se ne posredujejo nepoobla\u0161\u010denim tretjim osebam.<\/p><p data-start=\"2447\" data-end=\"2467\"><strong data-start=\"2447\" data-end=\"2467\">Prenosi podatkov<\/strong><\/p><p data-start=\"2469\" data-end=\"2666\">\u010ce pride do prenosa osebnih podatkov izven Evropskega gospodarskega prostora, zagotovimo ustrezne za\u0161\u010ditne ukrepe v skladu z GDPR, kot so standardne pogodbene klavzule ali drugi zakoniti mehanizmi.<\/p><p data-start=\"2668\" data-end=\"2692\"><strong data-start=\"2668\" data-end=\"2692\">Pravice posameznikov<\/strong><\/p><p data-start=\"2694\" data-end=\"2766\">Posamezniki imajo v zvezi z obdelavo osebnih podatkov naslednje pravice.<\/p><p data-start=\"2768\" data-end=\"2806\">Pravico do dostopa do svojih podatkov.<\/p><p data-start=\"2808\" data-end=\"2861\">Pravico do popravka neto\u010dnih ali nepopolnih podatkov.<\/p><p data-start=\"2863\" data-end=\"2919\">Pravico do izbrisa podatkov, kadar so izpolnjeni pogoji.<\/p><p data-start=\"2921\" data-end=\"2950\">Pravico do omejitve obdelave.<\/p><p data-start=\"2952\" data-end=\"2987\">Pravico do prenosljivosti podatkov.<\/p><p data-start=\"2989\" data-end=\"3017\">Pravico do ugovora obdelavi.<\/p><p data-start=\"3019\" data-end=\"3080\">Pravico do vlo\u017eitve prito\u017ebe pri pristojnem nadzornem organu.<\/p><p data-start=\"3082\" data-end=\"3101\"><strong data-start=\"3082\" data-end=\"3101\">Hramba podatkov<\/strong><\/p><p data-start=\"3103\" data-end=\"3231\">Osebne podatke hranimo le toliko \u010dasa, kolikor je potrebno za dosego namena obdelave ali kolikor to zahtevajo veljavni predpisi.<\/p><p data-start=\"3233\" data-end=\"3303\">Po izteku obdobja hrambe se podatki varno izbri\u0161ejo ali anonimizirajo.<\/p><p data-start=\"3305\" data-end=\"3334\"><strong data-start=\"3305\" data-end=\"3334\">Odziv na kr\u0161itve varnosti<\/strong><\/p><p data-start=\"3336\" data-end=\"3528\">V primeru kr\u0161itve varnosti osebnih podatkov bomo nemudoma ukrepali, omejili morebitno \u0161kodo in v skladu z zakonodajo obvestili pristojne organe ter prizadete posameznike, kadar je to potrebno.<\/p><p data-start=\"3530\" data-end=\"3541\"><strong data-start=\"3530\" data-end=\"3541\">Kontakt<\/strong><\/p><p data-start=\"3543\" data-end=\"3632\">Za vsa vpra\u0161anja ali zahteve v zvezi z varstvom osebnih podatkov se lahko obrnete na nas:<\/p><p data-start=\"3634\" data-end=\"3703\">Gama Industries<br data-start=\"3649\" data-end=\"3652\" \/>Preradovi\u010deva ulica 22<br data-start=\"3674\" data-end=\"3677\" \/>2000 Maribor<br data-start=\"3689\" data-end=\"3692\" \/>Slovenija<\/p><p data-start=\"3705\" data-end=\"3813\">Telefon Slovenija: +386 70 661 788<br data-start=\"3739\" data-end=\"3742\" \/>Telefon Nem\u010dija: +49 177 183 970 9<br data-start=\"3776\" data-end=\"3779\" \/>E-po\u0161ta: <a class=\"decorated-link cursor-pointer\" rel=\"noopener\" data-start=\"3788\" data-end=\"3811\">info@gama-industries.si<\/a><\/p><p data-start=\"3815\" data-end=\"3854\"><strong data-start=\"3815\" data-end=\"3854\">Spremembe politike varstva podatkov<\/strong><\/p><p data-start=\"3856\" data-end=\"4051\" data-is-last-node=\"\" data-is-only-node=\"\">To besedilo lahko ob\u010dasno posodobimo, da odra\u017ea spremembe zakonodaje ali na\u0161ih praks. Posodobljena razli\u010dica bo vedno dostopna na na\u0161i spletni strani. Priporo\u010damo, da dokument redno pregledujete.<\/p>\t\t\t\t\t\t<\/div>\n\t\t\t\t<\/div>\n\t\t\t\t\t<\/div>\n\t\t<\/div>\n\t\t\t\t\t\t\t<\/div>\n\t\t<\/section>\n\t\t\t\t\t\t\t<\/div>","protected":false},"excerpt":{"rendered":"<p>Varstvo osebnih podatkov je za podjetje Gama Industries klju\u010dnega pomena. Zavezani smo k odgovornemu, zakonitemu in preglednemu ravnanju z vsemi<\/p>","protected":false},"author":1,"featured_media":0,"parent":0,"menu_order":0,"comment_status":"closed","ping_status":"closed","template":"","meta":{"footnotes":""},"class_list":["post-15906","page","type-page","status-publish","hentry"],"_links":{"self":[{"href":"https:\/\/gama-industries.si\/eng\/wp-json\/wp\/v2\/pages\/15906","targetHints":{"allow":["GET"]}}],"collection":[{"href":"https:\/\/gama-industries.si\/eng\/wp-json\/wp\/v2\/pages"}],"about":[{"href":"https:\/\/gama-industries.si\/eng\/wp-json\/wp\/v2\/types\/page"}],"author":[{"embeddable":true,"href":"https:\/\/gama-industries.si\/eng\/wp-json\/wp\/v2\/users\/1"}],"replies":[{"embeddable":true,"href":"https:\/\/gama-industries.si\/eng\/wp-json\/wp\/v2\/comments?post=15906"}],"version-history":[{"count":4,"href":"https:\/\/gama-industries.si\/eng\/wp-json\/wp\/v2\/pages\/15906\/revisions"}],"predecessor-version":[{"id":15910,"href":"https:\/\/gama-industries.si\/eng\/wp-json\/wp\/v2\/pages\/15906\/revisions\/15910"}],"wp:attachment":[{"href":"https:\/\/gama-industries.si\/eng\/wp-json\/wp\/v2\/media?parent=15906"}],"curies":[{"name":"wp","href":"https:\/\/api.w.org\/{rel}","templated":true}]}}