{"id":12797,"date":"2022-05-16T19:14:26","date_gmt":"2022-05-16T19:14:26","guid":{"rendered":"https:\/\/gama-industries.si\/?page_id=12797"},"modified":"2026-03-27T15:21:23","modified_gmt":"2026-03-27T15:21:23","slug":"proizvodnja-kovinskih-konstrukcij","status":"publish","type":"page","link":"https:\/\/gama-industries.si\/bih\/nase-storitve\/proizvodnja-kovinskih-konstrukcij\/","title":{"rendered":"Izrada metalnih konstrukcija"},"content":{"rendered":"<div data-elementor-type=\"wp-page\" data-elementor-id=\"12797\" class=\"elementor elementor-12797\">\n\t\t\t\t\t\t\t\t\t<section class=\"elementor-section elementor-top-section elementor-element elementor-element-0e202f7 elementor-section-stretched elementor-section-boxed elementor-section-height-default elementor-section-height-default wd-section-disabled\" data-id=\"0e202f7\" data-element_type=\"section\" data-settings=\"{&quot;stretch_section&quot;:&quot;section-stretched&quot;,&quot;background_background&quot;:&quot;classic&quot;}\">\n\t\t\t\t\t\t\t<div class=\"elementor-background-overlay\"><\/div>\n\t\t\t\t\t\t\t<div class=\"elementor-container elementor-column-gap-no\">\n\t\t\t\t\t<div class=\"elementor-column elementor-col-100 elementor-top-column elementor-element elementor-element-168dd8e elementor-invisible\" data-id=\"168dd8e\" data-element_type=\"column\" data-settings=\"{&quot;background_background&quot;:&quot;classic&quot;,&quot;animation&quot;:&quot;fadeInUp&quot;,&quot;animation_delay&quot;:100}\">\n\t\t\t<div class=\"elementor-widget-wrap elementor-element-populated\">\n\t\t\t\t\t<div class=\"elementor-background-overlay\"><\/div>\n\t\t\t\t\t\t\t\t<div class=\"elementor-element elementor-element-5c11e08 elementor-widget elementor-widget-spacer\" data-id=\"5c11e08\" data-element_type=\"widget\" data-widget_type=\"spacer.default\">\n\t\t\t\t<div class=\"elementor-widget-container\">\n\t\t\t\t\t<div class=\"elementor-spacer\">\n\t\t\t<div class=\"elementor-spacer-inner\"><\/div>\n\t\t<\/div>\n\t\t\t\t<\/div>\n\t\t\t\t<\/div>\n\t\t\t\t<div class=\"elementor-element elementor-element-ac5c03c color-scheme-inherit text-left elementor-invisible elementor-widget elementor-widget-text-editor\" data-id=\"ac5c03c\" data-element_type=\"widget\" data-settings=\"{&quot;_animation&quot;:&quot;wd-anim-slide-from-top&quot;,&quot;_animation_delay&quot;:450}\" data-widget_type=\"text-editor.default\">\n\t\t\t\t<div class=\"elementor-widget-container\">\n\t\t\t\t\t\t\t<p>Izrada svih vrsta metalnih<br \/>konstrukcija<\/p>\t\t\t\t\t\t<\/div>\n\t\t\t\t<\/div>\n\t\t\t\t<div class=\"elementor-element elementor-element-91cd8cc elementor-widget__width-initial color-scheme-inherit text-left elementor-invisible elementor-widget elementor-widget-text-editor\" data-id=\"91cd8cc\" data-element_type=\"widget\" data-settings=\"{&quot;_animation&quot;:&quot;wd-anim-slide-from-top&quot;,&quot;_animation_delay&quot;:450}\" data-widget_type=\"text-editor.default\">\n\t\t\t\t<div class=\"elementor-widget-container\">\n\t\t\t\t\t\t\t<p>U mogu\u0107nosti smo da izra\u0111ujemo razli\u010dite slo\u017eene metalne konstruktivne elemente, koji se koriste samostalno ili kao dijelovi drugih tehni\u010dkih cjelina, a koji tra\u017ee pa\u017eljive i slo\u017eene postupke varenja.<\/p>\t\t\t\t\t\t<\/div>\n\t\t\t\t<\/div>\n\t\t\t\t<div class=\"elementor-element elementor-element-f825118 elementor-widget elementor-widget-spacer\" data-id=\"f825118\" data-element_type=\"widget\" data-widget_type=\"spacer.default\">\n\t\t\t\t<div class=\"elementor-widget-container\">\n\t\t\t\t\t<div class=\"elementor-spacer\">\n\t\t\t<div class=\"elementor-spacer-inner\"><\/div>\n\t\t<\/div>\n\t\t\t\t<\/div>\n\t\t\t\t<\/div>\n\t\t\t\t\t<\/div>\n\t\t<\/div>\n\t\t\t\t\t\t\t<\/div>\n\t\t<\/section>\n\t\t\t\t<section class=\"elementor-section elementor-top-section elementor-element elementor-element-7065fcc elementor-section-full_width elementor-section-stretched wd-section-stretch-content elementor-section-height-default elementor-section-height-default\" data-id=\"7065fcc\" data-element_type=\"section\" data-settings=\"{&quot;stretch_section&quot;:&quot;section-stretched&quot;}\">\n\t\t\t\t\t\t<div class=\"elementor-container elementor-column-gap-wide\">\n\t\t\t\t\t<div class=\"elementor-column elementor-col-50 elementor-top-column elementor-element elementor-element-48b1310\" data-id=\"48b1310\" data-element_type=\"column\">\n\t\t\t<div class=\"elementor-widget-wrap elementor-element-populated\">\n\t\t\t\t\t\t\t\t<div class=\"elementor-element elementor-element-cd25a55 elementor-widget elementor-widget-heading\" data-id=\"cd25a55\" data-element_type=\"widget\" data-widget_type=\"heading.default\">\n\t\t\t\t<div class=\"elementor-widget-container\">\n\t\t\t<h2 class=\"elementor-heading-title elementor-size-default\">IZRADA METALNIH KONSTRUKCIJA PO NARUD\u017dBI !<\/h2>\t\t<\/div>\n\t\t\t\t<\/div>\n\t\t\t\t<div class=\"elementor-element elementor-element-f053ef2 color-scheme-inherit text-left elementor-widget elementor-widget-text-editor\" data-id=\"f053ef2\" data-element_type=\"widget\" data-widget_type=\"text-editor.default\">\n\t\t\t\t<div class=\"elementor-widget-container\">\n\t\t\t\t\t\t\t<p><strong>Radimo metalne konstrukcije po nacrtu ili zahtjevima klijenta.<\/strong><\/p><p>Ostale usluge koje pru\u017eamo uz izradu metalnih konstrukcija su : lasersko rezanje, rezanje vodenim mlazom, plinsko rezanje, savijanje, zavarivanje, CNC tokarenje, CNC glodanje, povr\u0161inska za\u0161tita bojanjem, plastificiranjem itd.<\/p><p><strong>Pru\u017eamo i in\u017eenjerske usluge:<\/strong><\/p>\t\t\t\t\t\t<\/div>\n\t\t\t\t<\/div>\n\t\t\t\t<div class=\"elementor-element elementor-element-48ff7ad elementor-icon-list--layout-traditional elementor-list-item-link-full_width elementor-widget elementor-widget-icon-list\" data-id=\"48ff7ad\" data-element_type=\"widget\" data-widget_type=\"icon-list.default\">\n\t\t\t\t<div class=\"elementor-widget-container\">\n\t\t\t\t\t<ul class=\"elementor-icon-list-items\">\n\t\t\t\t\t\t\t<li class=\"elementor-icon-list-item\">\n\t\t\t\t\t\t\t\t\t\t\t<span class=\"elementor-icon-list-icon\">\n\t\t\t\t\t\t\t<i aria-hidden=\"true\" class=\"fas fa-cubes\"><\/i>\t\t\t\t\t\t<\/span>\n\t\t\t\t\t\t\t\t\t\t<span class=\"elementor-icon-list-text\">Konstruiranje<\/span>\n\t\t\t\t\t\t\t\t\t<\/li>\n\t\t\t\t\t\t\t\t<li class=\"elementor-icon-list-item\">\n\t\t\t\t\t\t\t\t\t\t\t<span class=\"elementor-icon-list-icon\">\n\t\t\t\t\t\t\t<i aria-hidden=\"true\" class=\"fas fa-pencil-alt\"><\/i>\t\t\t\t\t\t<\/span>\n\t\t\t\t\t\t\t\t\t\t<span class=\"elementor-icon-list-text\">Crtanje nacrta<\/span>\n\t\t\t\t\t\t\t\t\t<\/li>\n\t\t\t\t\t\t\t\t<li class=\"elementor-icon-list-item\">\n\t\t\t\t\t\t\t\t\t\t\t<span class=\"elementor-icon-list-icon\">\n\t\t\t\t\t\t\t<i aria-hidden=\"true\" class=\"fab fa-rev\"><\/i>\t\t\t\t\t\t<\/span>\n\t\t\t\t\t\t\t\t\t\t<span class=\"elementor-icon-list-text\">Reverse engineering<\/span>\n\t\t\t\t\t\t\t\t\t<\/li>\n\t\t\t\t\t\t<\/ul>\n\t\t\t\t<\/div>\n\t\t\t\t<\/div>\n\t\t\t\t<div class=\"elementor-element elementor-element-29b7a18 color-scheme-inherit text-left elementor-widget elementor-widget-text-editor\" data-id=\"29b7a18\" data-element_type=\"widget\" data-widget_type=\"text-editor.default\">\n\t\t\t\t<div class=\"elementor-widget-container\">\n\t\t\t\t\t\t\t<p>Naru\u010dite neke od na\u0161ih usluga ili pogledajte detaljnije!<\/p>\t\t\t\t\t\t<\/div>\n\t\t\t\t<\/div>\n\t\t\t\t\t<\/div>\n\t\t<\/div>\n\t\t\t\t<div class=\"elementor-column elementor-col-50 elementor-top-column elementor-element elementor-element-5dacd8c\" data-id=\"5dacd8c\" data-element_type=\"column\">\n\t\t\t<div class=\"elementor-widget-wrap elementor-element-populated\">\n\t\t\t\t\t\t\t\t<div class=\"elementor-element elementor-element-932c83d elementor-widget elementor-widget-image\" data-id=\"932c83d\" data-element_type=\"widget\" data-widget_type=\"image.default\">\n\t\t\t\t<div class=\"elementor-widget-container\">\n\t\t\t\t\t\t\t\t\t\t\t\t\t\t\t<img loading=\"lazy\" decoding=\"async\" width=\"500\" height=\"667\" src=\"https:\/\/gama-industries.si\/wp-content\/uploads\/2022\/09\/slikasd.jpg\" class=\"attachment-full size-full wp-image-15250\" alt=\"\" srcset=\"https:\/\/gama-industries.si\/wp-content\/uploads\/2022\/09\/slikasd.jpg 500w, https:\/\/gama-industries.si\/wp-content\/uploads\/2022\/09\/slikasd-225x300.jpg 225w, https:\/\/gama-industries.si\/wp-content\/uploads\/2022\/09\/slikasd-430x574.jpg 430w, https:\/\/gama-industries.si\/wp-content\/uploads\/2022\/09\/slikasd-150x200.jpg 150w\" sizes=\"auto, (max-width: 500px) 100vw, 500px\" \/>\t\t\t\t\t\t\t\t\t\t\t\t\t\t\t<\/div>\n\t\t\t\t<\/div>\n\t\t\t\t\t<\/div>\n\t\t<\/div>\n\t\t\t\t\t\t\t<\/div>\n\t\t<\/section>\n\t\t\t\t<section class=\"elementor-section elementor-top-section elementor-element elementor-element-a97d3a0 elementor-section-boxed elementor-section-height-default elementor-section-height-default wd-section-disabled\" data-id=\"a97d3a0\" data-element_type=\"section\">\n\t\t\t\t\t\t<div class=\"elementor-container elementor-column-gap-default\">\n\t\t\t\t\t<div class=\"elementor-column elementor-col-50 elementor-top-column elementor-element elementor-element-85db48a\" data-id=\"85db48a\" data-element_type=\"column\">\n\t\t\t<div class=\"elementor-widget-wrap elementor-element-populated\">\n\t\t\t\t\t\t\t\t<div class=\"elementor-element elementor-element-f513917 elementor-widget elementor-widget-wd_images_gallery\" data-id=\"f513917\" data-element_type=\"widget\" data-widget_type=\"wd_images_gallery.default\">\n\t\t\t\t<div class=\"elementor-widget-container\">\n\t\t\t\t\t<div class=\"wd-images-gallery wd-justify-center wd-items-middle view-grid photoswipe-images\" >\n\t\t\t<div class=\"gallery-images row wd-spacing-6\">\n\t\t\t\t\t\t\t\t\t\t\t\t\t\t<div class=\"wd-gallery-item  col-lg-6 col-md-6 col-12\">\n\t\t\t\t\t\t\t\t\t\t\t\t\t<a  href=\"https:\/\/gama-industries.si\/wp-content\/uploads\/2022\/09\/1-1.jpg\"data-width=\"374\" data-height=\"377\" data-index=\"1\" data-elementor-open-lightbox=\"no\">\n\t\t\t\t\t\t\n\t\t\t\t\t\t<img decoding=\"async\" src=\"https:\/\/gama-industries.si\/wp-content\/uploads\/2022\/09\/1-1.jpg\"alt=\"1\">\n\t\t\t\t\t\t\t\t\t\t\t\t\t<\/a>\n\t\t\t\t\t\t\t\t\t\t\t<\/div>\n\t\t\t\t\t\t\t\t\t\t\t\t\t\t\t<div class=\"wd-gallery-item  col-lg-6 col-md-6 col-12\">\n\t\t\t\t\t\t\t\t\t\t\t\t\t<a  href=\"https:\/\/gama-industries.si\/wp-content\/uploads\/2022\/09\/2-1.jpg\"data-width=\"374\" data-height=\"377\" data-index=\"2\" data-elementor-open-lightbox=\"no\">\n\t\t\t\t\t\t\n\t\t\t\t\t\t<img decoding=\"async\" src=\"https:\/\/gama-industries.si\/wp-content\/uploads\/2022\/09\/2-1.jpg\"alt=\"2\">\n\t\t\t\t\t\t\t\t\t\t\t\t\t<\/a>\n\t\t\t\t\t\t\t\t\t\t\t<\/div>\n\t\t\t\t\t\t\t\t\t\t\t\t\t\t\t<div class=\"wd-gallery-item  col-lg-6 col-md-6 col-12\">\n\t\t\t\t\t\t\t\t\t\t\t\t\t<a  href=\"https:\/\/gama-industries.si\/wp-content\/uploads\/2022\/09\/3-1.jpg\"data-width=\"374\" data-height=\"377\" data-index=\"3\" data-elementor-open-lightbox=\"no\">\n\t\t\t\t\t\t\n\t\t\t\t\t\t<img decoding=\"async\" src=\"https:\/\/gama-industries.si\/wp-content\/uploads\/2022\/09\/3-1.jpg\"alt=\"3\">\n\t\t\t\t\t\t\t\t\t\t\t\t\t<\/a>\n\t\t\t\t\t\t\t\t\t\t\t<\/div>\n\t\t\t\t\t\t\t\t\t\t\t\t\t\t\t<div class=\"wd-gallery-item  col-lg-6 col-md-6 col-12\">\n\t\t\t\t\t\t\t\t\t\t\t\t\t<a  href=\"https:\/\/gama-industries.si\/wp-content\/uploads\/2022\/09\/4-1.jpg\"data-width=\"374\" data-height=\"377\" data-index=\"4\" data-elementor-open-lightbox=\"no\">\n\t\t\t\t\t\t\n\t\t\t\t\t\t<img decoding=\"async\" src=\"https:\/\/gama-industries.si\/wp-content\/uploads\/2022\/09\/4-1.jpg\"alt=\"4\">\n\t\t\t\t\t\t\t\t\t\t\t\t\t<\/a>\n\t\t\t\t\t\t\t\t\t\t\t<\/div>\n\t\t\t\t\t\t\t\t\t\t\t\t\t\t\t<div class=\"wd-gallery-item  col-lg-6 col-md-6 col-12\">\n\t\t\t\t\t\t\t\t\t\t\t\t\t<a  href=\"https:\/\/gama-industries.si\/wp-content\/uploads\/2023\/06\/spiral.jpg\"data-width=\"374\" data-height=\"377\" data-index=\"5\" data-elementor-open-lightbox=\"no\">\n\t\t\t\t\t\t\n\t\t\t\t\t\t<img decoding=\"async\" src=\"https:\/\/gama-industries.si\/wp-content\/uploads\/2023\/06\/spiral.jpg\"alt=\"spiral\">\n\t\t\t\t\t\t\t\t\t\t\t\t\t<\/a>\n\t\t\t\t\t\t\t\t\t\t\t<\/div>\n\t\t\t\t\t\t\t\t\t\t\t\t\t\t\t<div class=\"wd-gallery-item  col-lg-6 col-md-6 col-12\">\n\t\t\t\t\t\t\t\t\t\t\t\t\t<a  href=\"https:\/\/gama-industries.si\/wp-content\/uploads\/2023\/06\/inox-stepenice.jpg\"data-width=\"374\" data-height=\"377\" data-index=\"6\" data-elementor-open-lightbox=\"no\">\n\t\t\t\t\t\t\n\t\t\t\t\t\t<img decoding=\"async\" src=\"https:\/\/gama-industries.si\/wp-content\/uploads\/2023\/06\/inox-stepenice.jpg\"alt=\"inox stepenice\">\n\t\t\t\t\t\t\t\t\t\t\t\t\t<\/a>\n\t\t\t\t\t\t\t\t\t\t\t<\/div>\n\t\t\t\t\t\t\t\t<\/div>\n\t\t<\/div>\n\t\t\t\t<\/div>\n\t\t\t\t<\/div>\n\t\t\t\t\t<\/div>\n\t\t<\/div>\n\t\t\t\t<div class=\"elementor-column elementor-col-50 elementor-top-column elementor-element elementor-element-efffa53\" data-id=\"efffa53\" data-element_type=\"column\">\n\t\t\t<div class=\"elementor-widget-wrap elementor-element-populated\">\n\t\t\t\t\t\t\t\t<div class=\"elementor-element elementor-element-f46508f color-scheme-inherit text-left elementor-widget elementor-widget-text-editor\" data-id=\"f46508f\" data-element_type=\"widget\" data-widget_type=\"text-editor.default\">\n\t\t\t\t<div class=\"elementor-widget-container\">\n\t\t\t\t\t\t\t<h2 class=\"\">Izrada svih vrsta metalnih konstrukcija<\/h2>\t\t\t\t\t\t<\/div>\n\t\t\t\t<\/div>\n\t\t\t\t<div class=\"elementor-element elementor-element-ad0493d elementor-widget__width-inherit color-scheme-inherit text-left elementor-widget elementor-widget-text-editor\" data-id=\"ad0493d\" data-element_type=\"widget\" data-widget_type=\"text-editor.default\">\n\t\t\t\t<div class=\"elementor-widget-container\">\n\t\t\t\t\t\t\t<p>U mogu\u0107nosti smo da izra\u0111ujemo razli\u010dite slo\u017eene metalne konstruktivne elemente, koji se koriste samostalno ili kao dijelovi drugih tehni\u010dkih cjelina, a koji tra\u017ee pa\u017eljive i slo\u017eene postupke varenja.<\/p><p>Ovo mogu biti te\u0161ke konstrukcije za prefabrikovane hale, ali i serijski proizvedena stajali\u0161ta za bicikle, skladi\u0161ta za kolica za markete, industrijska vrata, autobuska stajali\u0161ta, razni odbojnici, elementi za stubi\u0161ta i ulaze i sli\u010dno.<\/p><p>Osim navedenog, treba re\u0107i da proizvodimo sve vrste metalnih ograda, spiralne ograde, stepenice od inoxa, pocin\u010danog metala, kako ograda za industriju, tako i balkonskih i stubi\u0161nih ograda, te ostalih ograda za rezidentne objekte.<\/p><p>Navedene elemente proizvodimo kori\u0161tenjem \u010deli\u010dnih cijevi, koje se kvalitetno antikorozivno \u0161tite pocin\u010davanjem, pa potom dvostruko lakiraju. Osim ovoga, radimo i sa inox materijalom, bakrom i kovanim \u017eeljezom. Svim ovim materijalima smo u mogu\u0107nosti da proizvedemo poru\u010dene elemente po projektu kupca.<\/p><p>Treba naglasiti da imamo rigoroznu kontrolu kvaliteta, te da kod nas ve\u0107inom rade ljudi sa vi\u0161egodi\u0161njim iskustvom u svojoj struci, koji mogu stru\u010dno i samostalno da rje\u0161avaju probleme u toku konstrukcije.<\/p>\t\t\t\t\t\t<\/div>\n\t\t\t\t<\/div>\n\t\t\t\t\t<\/div>\n\t\t<\/div>\n\t\t\t\t\t\t\t<\/div>\n\t\t<\/section>\n\t\t\t\t<section class=\"elementor-section elementor-top-section elementor-element elementor-element-e016264 elementor-section-boxed elementor-section-height-default elementor-section-height-default wd-section-disabled\" data-id=\"e016264\" data-element_type=\"section\">\n\t\t\t\t\t\t<div class=\"elementor-container elementor-column-gap-default\">\n\t\t\t\t\t<div class=\"elementor-column elementor-col-33 elementor-top-column elementor-element elementor-element-96e3f72\" data-id=\"96e3f72\" data-element_type=\"column\" data-settings=\"{&quot;background_background&quot;:&quot;gradient&quot;}\">\n\t\t\t<div class=\"elementor-widget-wrap elementor-element-populated\">\n\t\t\t\t\t\t\t\t<div class=\"elementor-element elementor-element-82998c4 elementor-view-framed elementor-shape-circle elementor-mobile-position-top elementor-vertical-align-top elementor-widget elementor-widget-icon-box\" data-id=\"82998c4\" data-element_type=\"widget\" data-widget_type=\"icon-box.default\">\n\t\t\t\t<div class=\"elementor-widget-container\">\n\t\t\t\t\t<div class=\"elementor-icon-box-wrapper\">\n\t\t\t\t\t\t<div class=\"elementor-icon-box-icon\">\n\t\t\t\t<span class=\"elementor-icon elementor-animation-\" >\n\t\t\t\t<i aria-hidden=\"true\" class=\"fas fa-check\"><\/i>\t\t\t\t<\/span>\n\t\t\t<\/div>\n\t\t\t\t\t\t<div class=\"elementor-icon-box-content\">\n\t\t\t\t<h3 class=\"elementor-icon-box-title\">\n\t\t\t\t\t<span  >\n\t\t\t\t\t\tPUNA USLUGA\t\t\t\t\t<\/span>\n\t\t\t\t<\/h3>\n\t\t\t\t\t\t\t<\/div>\n\t\t<\/div>\n\t\t\t\t<\/div>\n\t\t\t\t<\/div>\n\t\t\t\t\t<\/div>\n\t\t<\/div>\n\t\t\t\t<div class=\"elementor-column elementor-col-33 elementor-top-column elementor-element elementor-element-408f246\" data-id=\"408f246\" data-element_type=\"column\" data-settings=\"{&quot;background_background&quot;:&quot;classic&quot;}\">\n\t\t\t<div class=\"elementor-widget-wrap elementor-element-populated\">\n\t\t\t\t\t\t\t\t<div class=\"elementor-element elementor-element-395c6fe elementor-view-framed elementor-shape-circle elementor-mobile-position-top elementor-vertical-align-top elementor-widget elementor-widget-icon-box\" data-id=\"395c6fe\" data-element_type=\"widget\" data-widget_type=\"icon-box.default\">\n\t\t\t\t<div class=\"elementor-widget-container\">\n\t\t\t\t\t<div class=\"elementor-icon-box-wrapper\">\n\t\t\t\t\t\t<div class=\"elementor-icon-box-icon\">\n\t\t\t\t<span class=\"elementor-icon elementor-animation-\" >\n\t\t\t\t<i aria-hidden=\"true\" class=\"fas fa-check\"><\/i>\t\t\t\t<\/span>\n\t\t\t<\/div>\n\t\t\t\t\t\t<div class=\"elementor-icon-box-content\">\n\t\t\t\t<h3 class=\"elementor-icon-box-title\">\n\t\t\t\t\t<span  >\n\t\t\t\t\t\tODR\u017dAVANJE\t\t\t\t\t<\/span>\n\t\t\t\t<\/h3>\n\t\t\t\t\t\t\t<\/div>\n\t\t<\/div>\n\t\t\t\t<\/div>\n\t\t\t\t<\/div>\n\t\t\t\t\t<\/div>\n\t\t<\/div>\n\t\t\t\t<div class=\"elementor-column elementor-col-33 elementor-top-column elementor-element elementor-element-81a8daa\" data-id=\"81a8daa\" data-element_type=\"column\" data-settings=\"{&quot;background_background&quot;:&quot;classic&quot;}\">\n\t\t\t<div class=\"elementor-widget-wrap elementor-element-populated\">\n\t\t\t\t\t\t\t\t<div class=\"elementor-element elementor-element-c22825c elementor-view-framed elementor-shape-circle elementor-mobile-position-top elementor-vertical-align-top elementor-widget elementor-widget-icon-box\" data-id=\"c22825c\" data-element_type=\"widget\" data-widget_type=\"icon-box.default\">\n\t\t\t\t<div class=\"elementor-widget-container\">\n\t\t\t\t\t<div class=\"elementor-icon-box-wrapper\">\n\t\t\t\t\t\t<div class=\"elementor-icon-box-icon\">\n\t\t\t\t<span class=\"elementor-icon elementor-animation-\" >\n\t\t\t\t<i aria-hidden=\"true\" class=\"fas fa-check\"><\/i>\t\t\t\t<\/span>\n\t\t\t<\/div>\n\t\t\t\t\t\t<div class=\"elementor-icon-box-content\">\n\t\t\t\t<h3 class=\"elementor-icon-box-title\">\n\t\t\t\t\t<span  >\n\t\t\t\t\t\tGARANCIJA KVALITETE\t\t\t\t\t<\/span>\n\t\t\t\t<\/h3>\n\t\t\t\t\t\t\t<\/div>\n\t\t<\/div>\n\t\t\t\t<\/div>\n\t\t\t\t<\/div>\n\t\t\t\t\t<\/div>\n\t\t<\/div>\n\t\t\t\t\t\t\t<\/div>\n\t\t<\/section>\n\t\t\t\t<section class=\"elementor-section elementor-top-section elementor-element elementor-element-e479c11 elementor-section-content-middle elementor-section-stretched elementor-section-boxed elementor-section-height-default elementor-section-height-default wd-section-disabled\" data-id=\"e479c11\" data-element_type=\"section\" data-settings=\"{&quot;background_background&quot;:&quot;classic&quot;,&quot;stretch_section&quot;:&quot;section-stretched&quot;}\">\n\t\t\t\t\t\t<div class=\"elementor-container elementor-column-gap-default\">\n\t\t\t\t\t<div class=\"elementor-column elementor-col-33 elementor-top-column elementor-element elementor-element-c782d14\" data-id=\"c782d14\" data-element_type=\"column\">\n\t\t\t<div class=\"elementor-widget-wrap elementor-element-populated\">\n\t\t\t\t\t\t\t\t<div class=\"elementor-element elementor-element-2ca8701 elementor-widget__width-auto elementor-widget-tablet__width-initial elementor-widget-mobile__width-auto elementor-widget elementor-widget-image\" data-id=\"2ca8701\" data-element_type=\"widget\" data-widget_type=\"image.default\">\n\t\t\t\t<div class=\"elementor-widget-container\">\n\t\t\t\t\t\t\t\t\t\t\t\t\t\t\t<img loading=\"lazy\" decoding=\"async\" width=\"180\" height=\"200\" src=\"https:\/\/gama-industries.si\/wp-content\/uploads\/2022\/05\/greenlight-w-corp-img-4-opt.png\" class=\"attachment-large size-large wp-image-13227\" alt=\"\" srcset=\"https:\/\/gama-industries.si\/wp-content\/uploads\/2022\/05\/greenlight-w-corp-img-4-opt.png 180w, https:\/\/gama-industries.si\/wp-content\/uploads\/2022\/05\/greenlight-w-corp-img-4-opt-11x12.png 11w, https:\/\/gama-industries.si\/wp-content\/uploads\/2022\/05\/greenlight-w-corp-img-4-opt-150x167.png 150w\" sizes=\"auto, (max-width: 180px) 100vw, 180px\" \/>\t\t\t\t\t\t\t\t\t\t\t\t\t\t\t<\/div>\n\t\t\t\t<\/div>\n\t\t\t\t\t<\/div>\n\t\t<\/div>\n\t\t\t\t<div class=\"elementor-column elementor-col-33 elementor-top-column elementor-element elementor-element-125163f\" data-id=\"125163f\" data-element_type=\"column\">\n\t\t\t<div class=\"elementor-widget-wrap elementor-element-populated\">\n\t\t\t\t\t\t\t\t<div class=\"elementor-element elementor-element-9dd2c34 elementor-widget-tablet__width-initial elementor-widget-mobile__width-initial elementor-widget elementor-widget-wd_title\" data-id=\"9dd2c34\" data-element_type=\"widget\" data-widget_type=\"wd_title.default\">\n\t\t\t\t<div class=\"elementor-widget-container\">\n\t\t\t\t\t<div class=\"title-wrapper set-mb-s reset-last-child wd-title-color-primary wd-title-style-default wd-title-size-large text-left\">\n\n\t\t\t\n\t\t\t<div class=\"liner-continer\">\n\t\t\t\t<h4 class=\"woodmart-title-container title wd-fontsize-xxl\">Imate pitanja?<\/h4> \n\t\t\t\t\t\t\t<\/div>\n\n\t\t\t\t\t\t\t<div class=\"title-after_title set-cont-mb-s reset-last-child wd-fontsize-s\">\n\t\t\t\t\t<p>Ukoliko imate bilo kakvih pitanja vezanih za poslovnu saradnju, ne ustru\u010davajte se da nas kontaktirate, na\u0161e ljubazno osoblje \u0107e se potruditi da odgovori na sva Va\u0161a pitanja.<br \/>ili ukoliko ste nestrpljivi \u010dekati odgovor, pozovite nas direktno na na\u0161 kontakt telefon:<\/p><a href=\"tel:+386 70 661 788\">+386 70 661 788<\/a><p>Radujemo se Va\u0161em pozivu!<\/p>\t\t\t\t<\/div>\n\t\t\t\t\t<\/div>\n\t\t\t\t<\/div>\n\t\t\t\t<\/div>\n\t\t\t\t\t<\/div>\n\t\t<\/div>\n\t\t\t\t<div class=\"elementor-column elementor-col-33 elementor-top-column elementor-element elementor-element-260fd35\" data-id=\"260fd35\" data-element_type=\"column\">\n\t\t\t<div class=\"elementor-widget-wrap\">\n\t\t\t\t\t\t\t\t\t<\/div>\n\t\t<\/div>\n\t\t\t\t\t\t\t<\/div>\n\t\t<\/section>\n\t\t\t\t\t\t\t<\/div>","protected":false},"excerpt":{"rendered":"<p>Proizvodnja vseh vrst kovinGradnja Izdelamo lahko razli\u010dne zahtevne kovinske konstrukcijske elemente, ki se uporabljajo samostojno ali kot sestavni deli drugih<\/p>","protected":false},"author":1,"featured_media":0,"parent":12834,"menu_order":0,"comment_status":"closed","ping_status":"closed","template":"","meta":{"footnotes":""},"class_list":["post-12797","page","type-page","status-publish","hentry"],"_links":{"self":[{"href":"https:\/\/gama-industries.si\/bih\/wp-json\/wp\/v2\/pages\/12797","targetHints":{"allow":["GET"]}}],"collection":[{"href":"https:\/\/gama-industries.si\/bih\/wp-json\/wp\/v2\/pages"}],"about":[{"href":"https:\/\/gama-industries.si\/bih\/wp-json\/wp\/v2\/types\/page"}],"author":[{"embeddable":true,"href":"https:\/\/gama-industries.si\/bih\/wp-json\/wp\/v2\/users\/1"}],"replies":[{"embeddable":true,"href":"https:\/\/gama-industries.si\/bih\/wp-json\/wp\/v2\/comments?post=12797"}],"version-history":[{"count":122,"href":"https:\/\/gama-industries.si\/bih\/wp-json\/wp\/v2\/pages\/12797\/revisions"}],"predecessor-version":[{"id":15939,"href":"https:\/\/gama-industries.si\/bih\/wp-json\/wp\/v2\/pages\/12797\/revisions\/15939"}],"up":[{"embeddable":true,"href":"https:\/\/gama-industries.si\/bih\/wp-json\/wp\/v2\/pages\/12834"}],"wp:attachment":[{"href":"https:\/\/gama-industries.si\/bih\/wp-json\/wp\/v2\/media?parent=12797"}],"curies":[{"name":"wp","href":"https:\/\/api.w.org\/{rel}","templated":true}]}}